{"id":5140,"date":"2026-03-10T10:11:45","date_gmt":"2026-03-10T10:11:45","guid":{"rendered":"https:\/\/sweetkitchenplus.subotai.fr\/?page_id=5140"},"modified":"2026-03-10T10:11:45","modified_gmt":"2026-03-10T10:11:45","slug":"mentions-legales","status":"publish","type":"page","link":"https:\/\/sweetkitchenplus.subotai.fr\/?page_id=5140","title":{"rendered":"Mentions l\u00e9gales"},"content":{"rendered":"\n<p><strong>Editeur :<br><\/strong>Sweet Kitchen Plus<br><br><br>www.sweetkitchenplus.com<br>SIRET : <br>893 829 820 00016<\/p>\n\n\n\n<p><br>Site web :\u00a0www.sweetkitchenplus.com<br>Directrice de la publication : YI AUDIAU SENG AMERA DEVY &#8211; Entrepreneur individuel<br>Courriel :\u00a0<\/p>\n\n\n\n<p>R\u00e9alisation du site Internet :<br>Agence Subota\u00ef<br><a href=\"https:\/\/www.subotai.fr\/\" target=\"_blank\" rel=\"noreferrer noopener\">www.subotai.fr<\/a><\/p>\n\n\n\n<p>H\u00e9bergement :<br>Monarobase, SARL au capital de 1500 euros<br>Siret : 500 518 543 00011<br>Lieu-dit la Vincendi\u00e8re<br>28330 Les Etilleux<br>T\u00e9l. : 0033 (0)9 72 21 22 90<\/p>\n\n\n\n<p><strong>Copyright :<\/strong><\/p>\n\n\n\n<p>L\u2019utilisation de ce site exprime votre consentement sur les conditions d\u2019utilisation. Si vous n\u2019acceptez pas ces conditions, veuillez vous abstenir d\u2019utiliser ce site. Le contenu de ce site (notamment donn\u00e9es, informations, illustrations, etc. \u2026) est prot\u00e9g\u00e9 par droit d\u2019auteur et autres droits de propri\u00e9t\u00e9 intellectuelle. Toute reproduction ou repr\u00e9sentation totale ou partielle de ce site par quelque proc\u00e9d\u00e9 que ce soit, sans autorisation expresse, est interdite et constituerait une contrefa\u00e7on sanctionn\u00e9e par les articles L.335-2 et suivants du Code de la propri\u00e9t\u00e9 intellectuelle.<br>Toute reproduction totale ou partielle des logos, images, scripts, code HTML, balises meta effectu\u00e9e \u00e0 partir des \u00e9l\u00e9ments du site sans notre autorisation expresse est prohib\u00e9e au sens de l\u2019article L.713-2 du Code de la propri\u00e9t\u00e9 intellectuelle.<br>Toute copie, reproduction, diffusion, int\u00e9grale ou partielle, du contenu du site par quelque proc\u00e9d\u00e9 que ce soit est illicite \u00e0 l\u2019exception d\u2019une unique copie sur un seul ordinateur et r\u00e9serv\u00e9e \u00e0 l\u2019usage exclusivement priv\u00e9 du copiste.<br>Les \u00e9l\u00e9ments pr\u00e9sent\u00e9s dans ce site sont susceptibles de modification sans pr\u00e9avis et sont mis \u00e0 disposition sans aucune garantie, expresse ou implicite, d\u2019aucune sorte et ne peuvent donner lieu \u00e0 un quelconque droit \u00e0 d\u00e9dommagement.<br>Il appartient \u00e0 l\u2019utilisateur de ce site de prendre toutes les mesures appropri\u00e9es de fa\u00e7on \u00e0 prot\u00e9ger ses propres donn\u00e9es et\/ou logiciels de la contamination par des \u00e9ventuels virus circulant sur le r\u00e9seau Internet.This is an example page. It\u2019s different from a blog post because it will stay in one place and will show up in your site navigation (in most themes). Most people start with an About page that introduces them to potential site visitors. It might say something like this:<\/p>\n","protected":false},"excerpt":{"rendered":"<p>Editeur :Sweet Kitchen Plus www.sweetkitchenplus.comSIRET : 893 829 820 00016 Site web :\u00a0www.sweetkitchenplus.comDirectrice de la publication : YI AUDIAU SENG [&hellip;]<\/p>\n","protected":false},"author":1,"featured_media":0,"parent":0,"menu_order":0,"comment_status":"closed","ping_status":"closed","template":"","meta":{"site-sidebar-layout":"default","site-content-layout":"","ast-site-content-layout":"default","site-content-style":"default","site-sidebar-style":"default","ast-global-header-display":"","ast-banner-title-visibility":"","ast-main-header-display":"","ast-hfb-above-header-display":"","ast-hfb-below-header-display":"","ast-hfb-mobile-header-display":"","site-post-title":"","ast-breadcrumbs-content":"","ast-featured-img":"","footer-sml-layout":"","ast-disable-related-posts":"","theme-transparent-header-meta":"","adv-header-id-meta":"","stick-header-meta":"","header-above-stick-meta":"","header-main-stick-meta":"","header-below-stick-meta":"","astra-migrate-meta-layouts":"default","ast-page-background-enabled":"default","ast-page-background-meta":{"desktop":{"background-color":"var(--ast-global-color-5)","background-image":"","background-repeat":"repeat","background-position":"center center","background-size":"auto","background-attachment":"scroll","background-type":"","background-media":"","overlay-type":"","overlay-color":"","overlay-opacity":"","overlay-gradient":""},"tablet":{"background-color":"","background-image":"","background-repeat":"repeat","background-position":"center center","background-size":"auto","background-attachment":"scroll","background-type":"","background-media":"","overlay-type":"","overlay-color":"","overlay-opacity":"","overlay-gradient":""},"mobile":{"background-color":"","background-image":"","background-repeat":"repeat","background-position":"center center","background-size":"auto","background-attachment":"scroll","background-type":"","background-media":"","overlay-type":"","overlay-color":"","overlay-opacity":"","overlay-gradient":""}},"ast-content-background-meta":{"desktop":{"background-color":"var(--ast-global-color-4)","background-image":"","background-repeat":"repeat","background-position":"center center","background-size":"auto","background-attachment":"scroll","background-type":"","background-media":"","overlay-type":"","overlay-color":"","overlay-opacity":"","overlay-gradient":""},"tablet":{"background-color":"var(--ast-global-color-4)","background-image":"","background-repeat":"repeat","background-position":"center center","background-size":"auto","background-attachment":"scroll","background-type":"","background-media":"","overlay-type":"","overlay-color":"","overlay-opacity":"","overlay-gradient":""},"mobile":{"background-color":"var(--ast-global-color-4)","background-image":"","background-repeat":"repeat","background-position":"center center","background-size":"auto","background-attachment":"scroll","background-type":"","background-media":"","overlay-type":"","overlay-color":"","overlay-opacity":"","overlay-gradient":""}},"footnotes":""},"class_list":["post-5140","page","type-page","status-publish","hentry"],"yoast_head":"<!-- This site is optimized with the Yoast SEO plugin v27.3 - https:\/\/yoast.com\/product\/yoast-seo-wordpress\/ -->\n<title>Mentions l\u00e9gales - Sweet Kitchen Plus<\/title>\n<meta name=\"robots\" content=\"noindex, follow, max-snippet:-1, max-image-preview:large, max-video-preview:-1\" \/>\n<meta property=\"og:locale\" content=\"fr_FR\" \/>\n<meta property=\"og:type\" content=\"article\" \/>\n<meta property=\"og:title\" content=\"Mentions l\u00e9gales - Sweet Kitchen Plus\" \/>\n<meta property=\"og:description\" content=\"Editeur :Sweet Kitchen Plus www.sweetkitchenplus.comSIRET : 893 829 820 00016 Site web :\u00a0www.sweetkitchenplus.comDirectrice de la publication : YI AUDIAU SENG [&hellip;]\" \/>\n<meta property=\"og:url\" content=\"https:\/\/sweetkitchenplus.subotai.fr\/?page_id=5140\" \/>\n<meta property=\"og:site_name\" content=\"Sweet Kitchen Plus\" \/>\n<meta name=\"twitter:card\" content=\"summary_large_image\" \/>\n<meta name=\"twitter:label1\" content=\"Dur\u00e9e de lecture estim\u00e9e\" \/>\n\t<meta name=\"twitter:data1\" content=\"2 minutes\" \/>\n<script type=\"application\/ld+json\" class=\"yoast-schema-graph\">{\"@context\":\"https:\\\/\\\/schema.org\",\"@graph\":[{\"@type\":\"WebPage\",\"@id\":\"https:\\\/\\\/sweetkitchenplus.subotai.fr\\\/?page_id=5140\",\"url\":\"https:\\\/\\\/sweetkitchenplus.subotai.fr\\\/?page_id=5140\",\"name\":\"Mentions l\u00e9gales - Sweet Kitchen Plus\",\"isPartOf\":{\"@id\":\"https:\\\/\\\/sweetkitchenplus.subotai.fr\\\/#website\"},\"datePublished\":\"2026-03-10T10:11:45+00:00\",\"breadcrumb\":{\"@id\":\"https:\\\/\\\/sweetkitchenplus.subotai.fr\\\/?page_id=5140#breadcrumb\"},\"inLanguage\":\"fr-FR\",\"potentialAction\":[{\"@type\":\"ReadAction\",\"target\":[\"https:\\\/\\\/sweetkitchenplus.subotai.fr\\\/?page_id=5140\"]}]},{\"@type\":\"BreadcrumbList\",\"@id\":\"https:\\\/\\\/sweetkitchenplus.subotai.fr\\\/?page_id=5140#breadcrumb\",\"itemListElement\":[{\"@type\":\"ListItem\",\"position\":1,\"name\":\"Accueil\",\"item\":\"https:\\\/\\\/sweetkitchenplus.subotai.fr\\\/\"},{\"@type\":\"ListItem\",\"position\":2,\"name\":\"Mentions l\u00e9gales\"}]},{\"@type\":\"WebSite\",\"@id\":\"https:\\\/\\\/sweetkitchenplus.subotai.fr\\\/#website\",\"url\":\"https:\\\/\\\/sweetkitchenplus.subotai.fr\\\/\",\"name\":\"Sweet Kitchen Plus\",\"description\":\"Livraison de plats &amp; Service traiteur\",\"publisher\":{\"@id\":\"https:\\\/\\\/sweetkitchenplus.subotai.fr\\\/#organization\"},\"potentialAction\":[{\"@type\":\"SearchAction\",\"target\":{\"@type\":\"EntryPoint\",\"urlTemplate\":\"https:\\\/\\\/sweetkitchenplus.subotai.fr\\\/?s={search_term_string}\"},\"query-input\":{\"@type\":\"PropertyValueSpecification\",\"valueRequired\":true,\"valueName\":\"search_term_string\"}}],\"inLanguage\":\"fr-FR\"},{\"@type\":\"Organization\",\"@id\":\"https:\\\/\\\/sweetkitchenplus.subotai.fr\\\/#organization\",\"name\":\"Sweet Kitchen Plus\",\"url\":\"https:\\\/\\\/sweetkitchenplus.subotai.fr\\\/\",\"logo\":{\"@type\":\"ImageObject\",\"inLanguage\":\"fr-FR\",\"@id\":\"https:\\\/\\\/sweetkitchenplus.subotai.fr\\\/#\\\/schema\\\/logo\\\/image\\\/\",\"url\":\"https:\\\/\\\/sweetkitchenplus.subotai.fr\\\/wp-content\\\/uploads\\\/2026\\\/03\\\/SweetKitchenPlus-logoSmall-1.png\",\"contentUrl\":\"https:\\\/\\\/sweetkitchenplus.subotai.fr\\\/wp-content\\\/uploads\\\/2026\\\/03\\\/SweetKitchenPlus-logoSmall-1.png\",\"width\":504,\"height\":480,\"caption\":\"Sweet Kitchen Plus\"},\"image\":{\"@id\":\"https:\\\/\\\/sweetkitchenplus.subotai.fr\\\/#\\\/schema\\\/logo\\\/image\\\/\"}}]}<\/script>\n<!-- \/ Yoast SEO plugin. -->","yoast_head_json":{"title":"Mentions l\u00e9gales - Sweet Kitchen Plus","robots":{"index":"noindex","follow":"follow","max-snippet":"max-snippet:-1","max-image-preview":"max-image-preview:large","max-video-preview":"max-video-preview:-1"},"og_locale":"fr_FR","og_type":"article","og_title":"Mentions l\u00e9gales - Sweet Kitchen Plus","og_description":"Editeur :Sweet Kitchen Plus www.sweetkitchenplus.comSIRET : 893 829 820 00016 Site web :\u00a0www.sweetkitchenplus.comDirectrice de la publication : YI AUDIAU SENG [&hellip;]","og_url":"https:\/\/sweetkitchenplus.subotai.fr\/?page_id=5140","og_site_name":"Sweet Kitchen Plus","twitter_card":"summary_large_image","twitter_misc":{"Dur\u00e9e de lecture estim\u00e9e":"2 minutes"},"schema":{"@context":"https:\/\/schema.org","@graph":[{"@type":"WebPage","@id":"https:\/\/sweetkitchenplus.subotai.fr\/?page_id=5140","url":"https:\/\/sweetkitchenplus.subotai.fr\/?page_id=5140","name":"Mentions l\u00e9gales - Sweet Kitchen Plus","isPartOf":{"@id":"https:\/\/sweetkitchenplus.subotai.fr\/#website"},"datePublished":"2026-03-10T10:11:45+00:00","breadcrumb":{"@id":"https:\/\/sweetkitchenplus.subotai.fr\/?page_id=5140#breadcrumb"},"inLanguage":"fr-FR","potentialAction":[{"@type":"ReadAction","target":["https:\/\/sweetkitchenplus.subotai.fr\/?page_id=5140"]}]},{"@type":"BreadcrumbList","@id":"https:\/\/sweetkitchenplus.subotai.fr\/?page_id=5140#breadcrumb","itemListElement":[{"@type":"ListItem","position":1,"name":"Accueil","item":"https:\/\/sweetkitchenplus.subotai.fr\/"},{"@type":"ListItem","position":2,"name":"Mentions l\u00e9gales"}]},{"@type":"WebSite","@id":"https:\/\/sweetkitchenplus.subotai.fr\/#website","url":"https:\/\/sweetkitchenplus.subotai.fr\/","name":"Sweet Kitchen Plus","description":"Livraison de plats &amp; Service traiteur","publisher":{"@id":"https:\/\/sweetkitchenplus.subotai.fr\/#organization"},"potentialAction":[{"@type":"SearchAction","target":{"@type":"EntryPoint","urlTemplate":"https:\/\/sweetkitchenplus.subotai.fr\/?s={search_term_string}"},"query-input":{"@type":"PropertyValueSpecification","valueRequired":true,"valueName":"search_term_string"}}],"inLanguage":"fr-FR"},{"@type":"Organization","@id":"https:\/\/sweetkitchenplus.subotai.fr\/#organization","name":"Sweet Kitchen Plus","url":"https:\/\/sweetkitchenplus.subotai.fr\/","logo":{"@type":"ImageObject","inLanguage":"fr-FR","@id":"https:\/\/sweetkitchenplus.subotai.fr\/#\/schema\/logo\/image\/","url":"https:\/\/sweetkitchenplus.subotai.fr\/wp-content\/uploads\/2026\/03\/SweetKitchenPlus-logoSmall-1.png","contentUrl":"https:\/\/sweetkitchenplus.subotai.fr\/wp-content\/uploads\/2026\/03\/SweetKitchenPlus-logoSmall-1.png","width":504,"height":480,"caption":"Sweet Kitchen Plus"},"image":{"@id":"https:\/\/sweetkitchenplus.subotai.fr\/#\/schema\/logo\/image\/"}}]}},"_links":{"self":[{"href":"https:\/\/sweetkitchenplus.subotai.fr\/index.php?rest_route=\/wp\/v2\/pages\/5140","targetHints":{"allow":["GET"]}}],"collection":[{"href":"https:\/\/sweetkitchenplus.subotai.fr\/index.php?rest_route=\/wp\/v2\/pages"}],"about":[{"href":"https:\/\/sweetkitchenplus.subotai.fr\/index.php?rest_route=\/wp\/v2\/types\/page"}],"author":[{"embeddable":true,"href":"https:\/\/sweetkitchenplus.subotai.fr\/index.php?rest_route=\/wp\/v2\/users\/1"}],"replies":[{"embeddable":true,"href":"https:\/\/sweetkitchenplus.subotai.fr\/index.php?rest_route=%2Fwp%2Fv2%2Fcomments&post=5140"}],"version-history":[{"count":2,"href":"https:\/\/sweetkitchenplus.subotai.fr\/index.php?rest_route=\/wp\/v2\/pages\/5140\/revisions"}],"predecessor-version":[{"id":5142,"href":"https:\/\/sweetkitchenplus.subotai.fr\/index.php?rest_route=\/wp\/v2\/pages\/5140\/revisions\/5142"}],"wp:attachment":[{"href":"https:\/\/sweetkitchenplus.subotai.fr\/index.php?rest_route=%2Fwp%2Fv2%2Fmedia&parent=5140"}],"curies":[{"name":"wp","href":"https:\/\/api.w.org\/{rel}","templated":true}]}}